{"id":3412,"date":"2024-01-11T15:51:05","date_gmt":"2024-01-11T15:51:05","guid":{"rendered":"https:\/\/kalbadvisors.com\/?page_id=3412"},"modified":"2024-09-09T23:16:15","modified_gmt":"2024-09-09T23:16:15","slug":"veteran-loans","status":"publish","type":"page","link":"https:\/\/kalbadvisors.com\/es\/veteran-loans\/","title":{"rendered":"Pr\u00e9stamos para veteranos"},"content":{"rendered":"<section class=\"wpb-content-wrapper\"><div data-vc-full-width=\"true\" data-vc-full-width-init=\"false\" data-vc-stretch-content=\"true\" class=\"vc_row wpb_row vc_row-fluid vc_custom_1704993890149 vc_row-has-fill full-width vc_row-no-padding vc_row-o-full-height vc_row-o-columns-middle vc_row-flex\"><div class=\"wpb_column vc_column_container vc_col-sm-12\"><div class=\"wpb_wrapper\">\n\t<div class=\"wpb_text_column wpb_content_element  vc_custom_1704904124894 white-text\" >\n\t\t<div class=\"wpb_wrapper\">\n\t\t\t<h2 style=\"text-align: left; color: #fffff;\"><span style=\"color: #ffffff;\">NUESTROS PRODUCTOS <\/span><\/h2>\n\n\t\t<\/div>\n\t<\/div>\n<\/div><\/div><\/div><div class=\"vc_row-full-width vc_clearfix\"><\/div><section class=\"vc_section gray vc_custom_1704907991572 vc_section-has-fill\"><div class=\"vc_row wpb_row vc_row-fluid\"><div class=\"wpb_column vc_column_container vc_col-sm-12 vc_custom_1704909251458\"><div class=\"wpb_wrapper\"><h1 class=\"box-header align-center\">PR\u00c9STAMOS PARA VETERANOS<\/h1><\/div><\/div><\/div><div class=\"vc_row wpb_row vc_row-fluid drop-shadow vc_custom_1704920441562\"><div class=\"wpb_column vc_column_container vc_col-sm-12\"><div class=\"wpb_wrapper\"><div class=\"vc_row wpb_row vc_inner vc_row-fluid vc_custom_1704910437807 vc_row-has-fill vc_row-o-equal-height vc_row-flex\"><div class=\"align-center wpb_column vc_column_container vc_col-sm-3\"><div class=\"vc_column-inner vc_custom_1704907398203\"><div class=\"wpb_wrapper\">\n\t<div class=\"wpb_raw_code wpb_content_element wpb_raw_html\" >\n\t\t<div class=\"wpb_wrapper\">\n\t\t\t<div class=\"iconos-prod\"><span class=\"material-symbols-outlined\" >\nquestion_mark\n<\/span><\/div>\n\t\t<\/div>\n\t<\/div>\n<\/div><\/div><\/div><div class=\"wpb_column vc_column_container vc_col-sm-9\"><div class=\"vc_column-inner\"><div class=\"wpb_wrapper\">\n\t<div class=\"wpb_text_column wpb_content_element  vc_custom_1718736916149\" >\n\t\t<div class=\"wpb_wrapper\">\n\t\t\t<h4>\u00bfQu\u00e9 es un pr\u00e9stamo hipotecario para veteranos?<\/h4>\n<p class=\"western\" lang=\"en-CA\" align=\"left\"><span style=\"font-size: medium;\"><span style=\"color: #111111;\"><span style=\"font-family: Calibri, serif;\">Un pr\u00e9stamo VA es una hipoteca ofrecida a trav\u00e9s del programa del Departamento de Asuntos de Veteranos de los Estados Unidos. Est\u00e1n disponibles para el personal de servicio activo y veterano y los familiares elegibles y est\u00e1n respaldados por el gobierno federal, pero se emiten a trav\u00e9s de prestamistas privados.<\/span><\/span><\/span><\/p>\n<p class=\"western\" lang=\"en-CA\" align=\"left\"><span style=\"font-size: medium;\"><span style=\"color: #111111;\"><span style=\"font-family: Calibri, serif;\">Los pr\u00e9stamos VA tienen condiciones generosas, como la ausencia de pago inicial, de seguro hipotecario y de penalizaciones por pago anticipado.<\/span><\/span><\/span><\/p>\n\n\t\t<\/div>\n\t<\/div>\n<\/div><\/div><\/div><\/div><div class=\"vc_separator wpb_content_element vc_separator_align_center vc_sep_width_100 vc_sep_pos_align_center vc_separator_no_text vc_sep_color_grey\" ><span class=\"vc_sep_holder vc_sep_holder_l\"><span class=\"vc_sep_line\"><\/span><\/span><span class=\"vc_sep_holder vc_sep_holder_r\"><span class=\"vc_sep_line\"><\/span><\/span>\n<\/div><div class=\"vc_row wpb_row vc_inner vc_row-fluid vc_custom_1704909933433 vc_row-has-fill vc_row-o-equal-height vc_row-flex\"><div class=\"align-center wpb_column vc_column_container vc_col-sm-3\"><div class=\"vc_column-inner vc_custom_1704907398203\"><div class=\"wpb_wrapper\">\n\t<div class=\"wpb_raw_code wpb_content_element wpb_raw_html\" >\n\t\t<div class=\"wpb_wrapper\">\n\t\t\t<div class=\"iconos-prod\"><span class=\"material-symbols-outlined\" >\nhome_work\n<\/span><\/div>\n\t\t<\/div>\n\t<\/div>\n<\/div><\/div><\/div><div class=\"wpb_column vc_column_container vc_col-sm-9\"><div class=\"vc_column-inner\"><div class=\"wpb_wrapper\">\n\t<div class=\"wpb_text_column wpb_content_element  vc_custom_1704988195203\" >\n\t\t<div class=\"wpb_wrapper\">\n\t\t\t<h4>TIPOS DE INMUEBLES<\/h4>\n<ul>\n<li>Propiedades residenciales: Casas y condominios aprobados<\/li>\n<\/ul>\n\n\t\t<\/div>\n\t<\/div>\n<\/div><\/div><\/div><\/div><div class=\"vc_separator wpb_content_element vc_separator_align_center vc_sep_width_100 vc_sep_pos_align_center vc_separator_no_text vc_sep_color_grey\" ><span class=\"vc_sep_holder vc_sep_holder_l\"><span class=\"vc_sep_line\"><\/span><\/span><span class=\"vc_sep_holder vc_sep_holder_r\"><span class=\"vc_sep_line\"><\/span><\/span>\n<\/div><div class=\"vc_row wpb_row vc_inner vc_row-fluid vc_custom_1704909933433 vc_row-has-fill vc_row-o-equal-height vc_row-flex\"><div class=\"align-center wpb_column vc_column_container vc_col-sm-3\"><div class=\"vc_column-inner vc_custom_1704907398203\"><div class=\"wpb_wrapper\">\n\t<div class=\"wpb_raw_code wpb_content_element wpb_raw_html\" >\n\t\t<div class=\"wpb_wrapper\">\n\t\t\t<div class=\"iconos-prod\"><span class=\"material-symbols-outlined\" >\ninfo\n<\/span><\/div>\n\t\t<\/div>\n\t<\/div>\n<\/div><\/div><\/div><div class=\"wpb_column vc_column_container vc_col-sm-9\"><div class=\"vc_column-inner\"><div class=\"wpb_wrapper\">\n\t<div class=\"wpb_text_column wpb_content_element  vc_custom_1704988220260\" >\n\t\t<div class=\"wpb_wrapper\">\n\t\t\t<h4>DETALLES DEL PROGRAMA<\/h4>\n<ul>\n<li>Pago inicial m\u00ednimo: 0%<\/li>\n<li>Relaci\u00f3n deuda\/ingresos m\u00e1xima: 56%<\/li>\n<li>L\u00edmite del importe del pr\u00e9stamo: $726.200 (var\u00eda seg\u00fan el tipo de propiedad, el estado y el condado)<\/li>\n<\/ul>\n\n\t\t<\/div>\n\t<\/div>\n<\/div><\/div><\/div><\/div><div class=\"vc_separator wpb_content_element vc_separator_align_center vc_sep_width_100 vc_sep_pos_align_center vc_separator_no_text vc_sep_color_grey\" ><span class=\"vc_sep_holder vc_sep_holder_l\"><span class=\"vc_sep_line\"><\/span><\/span><span class=\"vc_sep_holder vc_sep_holder_r\"><span class=\"vc_sep_line\"><\/span><\/span>\n<\/div><div class=\"vc_row wpb_row vc_inner vc_row-fluid vc_custom_1704909933433 vc_row-has-fill vc_row-o-equal-height vc_row-flex\"><div class=\"align-center wpb_column vc_column_container vc_col-sm-3\"><div class=\"vc_column-inner vc_custom_1704907398203\"><div class=\"wpb_wrapper\">\n\t<div class=\"wpb_raw_code wpb_content_element wpb_raw_html\" >\n\t\t<div class=\"wpb_wrapper\">\n\t\t\t<div class=\"iconos-prod\"><span class=\"material-symbols-outlined\" >\n\nformat_list_bulleted\n\n<\/span><\/div>\n\t\t<\/div>\n\t<\/div>\n<\/div><\/div><\/div><div class=\"wpb_column vc_column_container vc_col-sm-9\"><div class=\"vc_column-inner\"><div class=\"wpb_wrapper\">\n\t<div class=\"wpb_text_column wpb_content_element  vc_custom_1704988240600\" >\n\t\t<div class=\"wpb_wrapper\">\n\t\t\t<h4>requisitos<\/h4>\n<ul>\n<li>Las personas que soliciten una hipoteca de pr\u00e9stamo VA, la necesidad de proporcionar el prestamista con un certificado de elegibilidad de la VA. Este certificado est\u00e1 disponible a trav\u00e9s del Departamento de Asuntos de Veteranos de EE.UU.. Para obtener este certificado, tendr\u00e1 que presentar la documentaci\u00f3n relacionada con el servicio, que puede variar en funci\u00f3n de si usted est\u00e1 en servicio activo o un veterano.<\/li>\n<\/ul>\n\n\t\t<\/div>\n\t<\/div>\n<\/div><\/div><\/div><\/div><div class=\"vc_separator wpb_content_element vc_separator_align_center vc_sep_width_100 vc_sep_pos_align_center vc_separator_no_text vc_sep_color_grey\" ><span class=\"vc_sep_holder vc_sep_holder_l\"><span class=\"vc_sep_line\"><\/span><\/span><span class=\"vc_sep_holder vc_sep_holder_r\"><span class=\"vc_sep_line\"><\/span><\/span>\n<\/div><div class=\"vc_row wpb_row vc_inner vc_row-fluid vc_custom_1704909933433 vc_row-has-fill vc_row-o-equal-height vc_row-flex\"><div class=\"align-center wpb_column vc_column_container vc_col-sm-3\"><div class=\"vc_column-inner vc_custom_1704907398203\"><div class=\"wpb_wrapper\">\n\t<div class=\"wpb_raw_code wpb_content_element wpb_raw_html\" >\n\t\t<div class=\"wpb_wrapper\">\n\t\t\t<div class=\"iconos-prod\"><span class=\"material-symbols-outlined\" >\nperson\n<\/span><\/div>\n\t\t<\/div>\n\t<\/div>\n<\/div><\/div><\/div><div class=\"wpb_column vc_column_container vc_col-sm-9\"><div class=\"vc_column-inner\"><div class=\"wpb_wrapper\">\n\t<div class=\"wpb_text_column wpb_content_element  vc_custom_1704988249960\" >\n\t\t<div class=\"wpb_wrapper\">\n\t\t\t<h4>\u00bfqui\u00e9n puede solicitarlo?<\/h4>\n<ul>\n<li>Clientes nacionales: Ciudadanos estadounidenses o titulares de la tarjeta verde<\/li>\n<\/ul>\n\n\t\t<\/div>\n\t<\/div>\n<\/div><\/div><\/div><\/div><div class=\"vc_separator wpb_content_element vc_separator_align_center vc_sep_width_100 vc_sep_pos_align_center vc_separator_no_text vc_sep_color_grey\" ><span class=\"vc_sep_holder vc_sep_holder_l\"><span class=\"vc_sep_line\"><\/span><\/span><span class=\"vc_sep_holder vc_sep_holder_r\"><span class=\"vc_sep_line\"><\/span><\/span>\n<\/div><div class=\"vc_row wpb_row vc_inner vc_row-fluid vc_custom_1704909933433 vc_row-has-fill vc_row-o-equal-height vc_row-flex\"><div class=\"align-center wpb_column vc_column_container vc_col-sm-3\"><div class=\"vc_column-inner vc_custom_1704907398203\"><div class=\"wpb_wrapper\">\n\t<div class=\"wpb_raw_code wpb_content_element wpb_raw_html\" >\n\t\t<div class=\"wpb_wrapper\">\n\t\t\t<div class=\"iconos-prod\"><span class=\"material-symbols-outlined\" >\npercent\n<\/span><\/div>\n\t\t<\/div>\n\t<\/div>\n<\/div><\/div><\/div><div class=\"wpb_column vc_column_container vc_col-sm-9\"><div class=\"vc_column-inner\"><div class=\"wpb_wrapper\">\n\t<div class=\"wpb_text_column wpb_content_element  vc_custom_1704988082741\" >\n\t\t<div class=\"wpb_wrapper\">\n\t\t\t<h4>\u00bfQu\u00e9 tipos de inter\u00e9s se aplican?<\/h4>\n<ul>\n<li>Los tipos est\u00e1n sujetos a los cambios del mercado y dependen del perfil del prestatario y de los par\u00e1metros del pr\u00e9stamo, como el importe del pr\u00e9stamo, el programa de pr\u00e9stamo y el tipo de propiedad.<\/li>\n<\/ul>\n\n\t\t<\/div>\n\t<\/div>\n<\/div><\/div><\/div><\/div><div class=\"vc_separator wpb_content_element vc_separator_align_center vc_sep_width_100 vc_sep_pos_align_center vc_separator_no_text vc_sep_color_grey\" ><span class=\"vc_sep_holder vc_sep_holder_l\"><span class=\"vc_sep_line\"><\/span><\/span><span class=\"vc_sep_holder vc_sep_holder_r\"><span class=\"vc_sep_line\"><\/span><\/span>\n<\/div><div class=\"vc_row wpb_row vc_inner vc_row-fluid\"><div class=\"wpb_column vc_column_container vc_col-sm-12\"><div class=\"vc_column-inner\"><div class=\"wpb_wrapper\"><\/div><\/div><\/div><\/div><\/div><\/div><\/div><\/section><div class=\"vc_row wpb_row vc_row-fluid\"><div class=\"wpb_column vc_column_container vc_col-sm-12\"><div class=\"wpb_wrapper\"><div class=\"vc_empty_space\"   style=\"height: 32px\"><span class=\"vc_empty_space_inner\"><\/span><\/div><\/div><\/div><\/div><div data-vc-full-width=\"true\" data-vc-full-width-init=\"false\" class=\"vc_row wpb_row vc_row-fluid vc_custom_1704388746672 vc_row-has-fill full-width\"><div class=\"wpb_column vc_column_container vc_col-sm-12\"><div class=\"wpb_wrapper\"><div class=\"vc_row wpb_row vc_inner vc_row-fluid align-center\"><div class=\"wpb_column vc_column_container vc_col-sm-12\"><div class=\"vc_column-inner\"><div class=\"wpb_wrapper\">\n\t<div class=\"wpb_text_column wpb_content_element  vc_custom_1706718390549\" >\n\t\t<div class=\"wpb_wrapper\">\n\t\t\t<h3 style=\"text-align: center;\">Para solicitarlo, p\u00f3ngase en contacto con un asesor hipotecario<\/h3>\n\n\t\t<\/div>\n\t<\/div>\n<a class=\"more botonwho align-center\" href=\"https:\/\/kalbadvisors.com\/es\/contact\/\" title=\"CONTACTO\">CONTACTO<\/a><\/div><\/div><\/div><\/div><\/div><\/div><\/div><div class=\"vc_row-full-width vc_clearfix\"><\/div>\n<\/section>","protected":false},"excerpt":{"rendered":"NUESTROS PRODUCTOS PR\u00c9STAMOS PARA VETERANOS \u00bfQu\u00e9 es una hipoteca para veteranos? Un pr\u00e9stamo VA es una hipoteca ofrecida a trav\u00e9s del programa del Departamento de Asuntos de Veteranos de EE. UU. Est\u00e1n disponibles para el personal militar en activo y veteranos, as\u00ed como para sus familiares que cumplan los requisitos, y est\u00e1n respaldados por el gobierno federal, pero son concedidos a trav\u00e9s de prestamistas privados. Los pr\u00e9stamos VA tienen condiciones muy favorables.","protected":false},"author":1,"featured_media":1747,"parent":0,"menu_order":0,"comment_status":"closed","ping_status":"closed","template":"taxonomy-ql_services_category.php","meta":{"_coblocks_attr":"","_coblocks_dimensions":"","_coblocks_responsive_height":"","_coblocks_accordion_ie_support":"","footnotes":""},"class_list":["post-3412","page","type-page","status-publish","has-post-thumbnail","hentry"],"_links":{"self":[{"href":"https:\/\/kalbadvisors.com\/es\/wp-json\/wp\/v2\/pages\/3412","targetHints":{"allow":["GET"]}}],"collection":[{"href":"https:\/\/kalbadvisors.com\/es\/wp-json\/wp\/v2\/pages"}],"about":[{"href":"https:\/\/kalbadvisors.com\/es\/wp-json\/wp\/v2\/types\/page"}],"author":[{"embeddable":true,"href":"https:\/\/kalbadvisors.com\/es\/wp-json\/wp\/v2\/users\/1"}],"replies":[{"embeddable":true,"href":"https:\/\/kalbadvisors.com\/es\/wp-json\/wp\/v2\/comments?post=3412"}],"version-history":[{"count":6,"href":"https:\/\/kalbadvisors.com\/es\/wp-json\/wp\/v2\/pages\/3412\/revisions"}],"predecessor-version":[{"id":3966,"href":"https:\/\/kalbadvisors.com\/es\/wp-json\/wp\/v2\/pages\/3412\/revisions\/3966"}],"wp:featuredmedia":[{"embeddable":true,"href":"https:\/\/kalbadvisors.com\/es\/wp-json\/wp\/v2\/media\/1747"}],"wp:attachment":[{"href":"https:\/\/kalbadvisors.com\/es\/wp-json\/wp\/v2\/media?parent=3412"}],"curies":[{"name":"wp","href":"https:\/\/api.w.org\/{rel}","templated":true}]}}