{"id":3417,"date":"2024-01-11T15:59:46","date_gmt":"2024-01-11T15:59:46","guid":{"rendered":"https:\/\/kalbadvisors.com\/?page_id=3417"},"modified":"2024-03-25T16:15:10","modified_gmt":"2024-03-25T16:15:10","slug":"jumbo-loans","status":"publish","type":"page","link":"https:\/\/kalbadvisors.com\/es\/jumbo-loans\/","title":{"rendered":"Pr\u00e9stamos Jumbo y Super Jumbo"},"content":{"rendered":"<section class=\"wpb-content-wrapper\"><div data-vc-full-width=\"true\" data-vc-full-width-init=\"false\" data-vc-stretch-content=\"true\" class=\"vc_row wpb_row vc_row-fluid vc_custom_1704993667013 vc_row-has-fill full-width vc_row-no-padding vc_row-o-full-height vc_row-o-columns-middle vc_row-flex\"><div class=\"wpb_column vc_column_container vc_col-sm-12\"><div class=\"wpb_wrapper\">\n\t<div class=\"wpb_text_column wpb_content_element  vc_custom_1704904124894 white-text\" >\n\t\t<div class=\"wpb_wrapper\">\n\t\t\t<h2 style=\"text-align: left; color: #fffff;\"><span style=\"color: #ffffff;\">NUESTROS PRODUCTOS <\/span><\/h2>\n\n\t\t<\/div>\n\t<\/div>\n<\/div><\/div><\/div><div class=\"vc_row-full-width vc_clearfix\"><\/div><section class=\"vc_section gray vc_custom_1704907991572 vc_section-has-fill\"><div class=\"vc_row wpb_row vc_row-fluid\"><div class=\"wpb_column vc_column_container vc_col-sm-12 vc_custom_1704909251458\"><div class=\"wpb_wrapper\"><h1 class=\"box-header align-center\">PR\u00c9STAMOS JUMBO Y SUPERJUMBO<\/h1><\/div><\/div><\/div><div class=\"vc_row wpb_row vc_row-fluid drop-shadow vc_custom_1704920441562\"><div class=\"wpb_column vc_column_container vc_col-sm-12\"><div class=\"wpb_wrapper\"><div class=\"vc_row wpb_row vc_inner vc_row-fluid vc_custom_1704910437807 vc_row-has-fill vc_row-o-equal-height vc_row-flex\"><div class=\"align-center wpb_column vc_column_container vc_col-sm-3\"><div class=\"vc_column-inner vc_custom_1704907398203\"><div class=\"wpb_wrapper\">\n\t<div class=\"wpb_raw_code wpb_content_element wpb_raw_html\" >\n\t\t<div class=\"wpb_wrapper\">\n\t\t\t<div class=\"iconos-prod\"><span class=\"material-symbols-outlined\" >\nquestion_mark\n<\/span><\/div>\n\t\t<\/div>\n\t<\/div>\n<\/div><\/div><\/div><div class=\"wpb_column vc_column_container vc_col-sm-9\"><div class=\"vc_column-inner\"><div class=\"wpb_wrapper\">\n\t<div class=\"wpb_text_column wpb_content_element  vc_custom_1704988661454\" >\n\t\t<div class=\"wpb_wrapper\">\n\t\t\t<h4>\u00bfQu\u00e9 es un pr\u00e9stamo Jumbo y Super Jumbo?<\/h4>\n<p class=\"western\" lang=\"en-CA\" align=\"left\">Los pr\u00e9stamos Jumbo son pr\u00e9stamos de mayor cuant\u00eda que superan los l\u00edmites de los pr\u00e9stamos conformes. Estas hipotecas suelen requerir un mayor pago inicial, mayores reservas de efectivo y un mejor cr\u00e9dito.<\/p>\n\n\t\t<\/div>\n\t<\/div>\n<\/div><\/div><\/div><\/div><div class=\"vc_separator wpb_content_element vc_separator_align_center vc_sep_width_100 vc_sep_pos_align_center vc_separator_no_text vc_sep_color_grey\" ><span class=\"vc_sep_holder vc_sep_holder_l\"><span class=\"vc_sep_line\"><\/span><\/span><span class=\"vc_sep_holder vc_sep_holder_r\"><span class=\"vc_sep_line\"><\/span><\/span>\n<\/div><div class=\"vc_row wpb_row vc_inner vc_row-fluid vc_custom_1704909933433 vc_row-has-fill vc_row-o-equal-height vc_row-flex\"><div class=\"align-center wpb_column vc_column_container vc_col-sm-3\"><div class=\"vc_column-inner vc_custom_1704907398203\"><div class=\"wpb_wrapper\">\n\t<div class=\"wpb_raw_code wpb_content_element wpb_raw_html\" >\n\t\t<div class=\"wpb_wrapper\">\n\t\t\t<div class=\"iconos-prod\"><span class=\"material-symbols-outlined\" >\nhome_work\n<\/span><\/div>\n\t\t<\/div>\n\t<\/div>\n<\/div><\/div><\/div><div class=\"wpb_column vc_column_container vc_col-sm-9\"><div class=\"vc_column-inner\"><div class=\"wpb_wrapper\">\n\t<div class=\"wpb_text_column wpb_content_element  vc_custom_1707261420095\" >\n\t\t<div class=\"wpb_wrapper\">\n\t\t\t<h4>TIPOS DE INMUEBLES<\/h4>\n<ul>\n<li>Unifamiliar<\/li>\n<li>Multifamiliar 2-4 Unidades<\/li>\n<li>Condominios<\/li>\n<\/ul>\n\n\t\t<\/div>\n\t<\/div>\n<\/div><\/div><\/div><\/div><div class=\"vc_separator wpb_content_element vc_separator_align_center vc_sep_width_100 vc_sep_pos_align_center vc_separator_no_text vc_sep_color_grey\" ><span class=\"vc_sep_holder vc_sep_holder_l\"><span class=\"vc_sep_line\"><\/span><\/span><span class=\"vc_sep_holder vc_sep_holder_r\"><span class=\"vc_sep_line\"><\/span><\/span>\n<\/div><div class=\"vc_row wpb_row vc_inner vc_row-fluid vc_custom_1704909933433 vc_row-has-fill vc_row-o-equal-height vc_row-flex\"><div class=\"align-center wpb_column vc_column_container vc_col-sm-3\"><div class=\"vc_column-inner vc_custom_1704907398203\"><div class=\"wpb_wrapper\">\n\t<div class=\"wpb_raw_code wpb_content_element wpb_raw_html\" >\n\t\t<div class=\"wpb_wrapper\">\n\t\t\t<div class=\"iconos-prod\"><span class=\"material-symbols-outlined\" >\ninfo\n<\/span><\/div>\n\t\t<\/div>\n\t<\/div>\n<\/div><\/div><\/div><div class=\"wpb_column vc_column_container vc_col-sm-9\"><div class=\"vc_column-inner\"><div class=\"wpb_wrapper\">\n\t<div class=\"wpb_text_column wpb_content_element  vc_custom_1707261243801\" >\n\t\t<div class=\"wpb_wrapper\">\n\t\t\t<h4>DETALLES DEL PROGRAMA<\/h4>\n<ul>\n<li><strong>Pago inicial m\u00ednimo:<\/strong> 10% \u2013 20%<\/li>\n<li><strong>Ratio m\u00e1ximo de deuda sobre ingresos:<\/strong> 50%<\/li>\n<li><strong>L\u00edmite del importe del pr\u00e9stamo: <\/strong>$3'000,000 - $50'000,000<\/li>\n<\/ul>\n\n\t\t<\/div>\n\t<\/div>\n<\/div><\/div><\/div><\/div><div class=\"vc_separator wpb_content_element vc_separator_align_center vc_sep_width_100 vc_sep_pos_align_center vc_separator_no_text vc_sep_color_grey\" ><span class=\"vc_sep_holder vc_sep_holder_l\"><span class=\"vc_sep_line\"><\/span><\/span><span class=\"vc_sep_holder vc_sep_holder_r\"><span class=\"vc_sep_line\"><\/span><\/span>\n<\/div><div class=\"vc_row wpb_row vc_inner vc_row-fluid vc_custom_1704909933433 vc_row-has-fill vc_row-o-equal-height vc_row-flex\"><div class=\"align-center wpb_column vc_column_container vc_col-sm-3\"><div class=\"vc_column-inner vc_custom_1704907398203\"><div class=\"wpb_wrapper\">\n\t<div class=\"wpb_raw_code wpb_content_element wpb_raw_html\" >\n\t\t<div class=\"wpb_wrapper\">\n\t\t\t<div class=\"iconos-prod\"><span class=\"material-symbols-outlined\" >\n\nformat_list_bulleted\n\n<\/span><\/div>\n\t\t<\/div>\n\t<\/div>\n<\/div><\/div><\/div><div class=\"wpb_column vc_column_container vc_col-sm-9\"><div class=\"vc_column-inner\"><div class=\"wpb_wrapper\">\n\t<div class=\"wpb_text_column wpb_content_element  vc_custom_1707260867120\" >\n\t\t<div class=\"wpb_wrapper\">\n\t\t\t<h4>Requisitos<\/h4>\n<p>- Historial de cr\u00e9dito establecido e ingresos comprobables declarados en EE.UU.<br \/>\n- Debe tener 6-12 meses de reservas de pago mensual para calificar.<\/p>\n\n\t\t<\/div>\n\t<\/div>\n<\/div><\/div><\/div><\/div><div class=\"vc_separator wpb_content_element vc_separator_align_center vc_sep_width_100 vc_sep_pos_align_center vc_separator_no_text vc_sep_color_grey\" ><span class=\"vc_sep_holder vc_sep_holder_l\"><span class=\"vc_sep_line\"><\/span><\/span><span class=\"vc_sep_holder vc_sep_holder_r\"><span class=\"vc_sep_line\"><\/span><\/span>\n<\/div><div class=\"vc_row wpb_row vc_inner vc_row-fluid vc_custom_1704909933433 vc_row-has-fill vc_row-o-equal-height vc_row-flex\"><div class=\"align-center wpb_column vc_column_container vc_col-sm-3\"><div class=\"vc_column-inner vc_custom_1704907398203\"><div class=\"wpb_wrapper\">\n\t<div class=\"wpb_raw_code wpb_content_element wpb_raw_html\" >\n\t\t<div class=\"wpb_wrapper\">\n\t\t\t<div class=\"iconos-prod\"><span class=\"material-symbols-outlined\" >\nperson\n<\/span><\/div>\n\t\t<\/div>\n\t<\/div>\n<\/div><\/div><\/div><div class=\"wpb_column vc_column_container vc_col-sm-9\"><div class=\"vc_column-inner\"><div class=\"wpb_wrapper\">\n\t<div class=\"wpb_text_column wpb_content_element  vc_custom_1707260924325\" >\n\t\t<div class=\"wpb_wrapper\">\n\t\t\t<h4>\u00bfqui\u00e9n puede solicitarlo?<\/h4>\n<ul>\n<li>Clientes nacionales: Ciudadanos de EE.UU., titulares de Green Card, titulares de Asilo Pol\u00edtico, TPS, DACAS, L1, E1, E2.<\/li>\n<\/ul>\n\n\t\t<\/div>\n\t<\/div>\n<\/div><\/div><\/div><\/div><div class=\"vc_separator wpb_content_element vc_separator_align_center vc_sep_width_100 vc_sep_pos_align_center vc_separator_no_text vc_sep_color_grey\" ><span class=\"vc_sep_holder vc_sep_holder_l\"><span class=\"vc_sep_line\"><\/span><\/span><span class=\"vc_sep_holder vc_sep_holder_r\"><span class=\"vc_sep_line\"><\/span><\/span>\n<\/div><div class=\"vc_row wpb_row vc_inner vc_row-fluid vc_custom_1704909933433 vc_row-has-fill vc_row-o-equal-height vc_row-flex\"><div class=\"align-center wpb_column vc_column_container vc_col-sm-3\"><div class=\"vc_column-inner vc_custom_1704907398203\"><div class=\"wpb_wrapper\">\n\t<div class=\"wpb_raw_code wpb_content_element wpb_raw_html\" >\n\t\t<div class=\"wpb_wrapper\">\n\t\t\t<div class=\"iconos-prod\"><span class=\"material-symbols-outlined\" >\npercent\n<\/span><\/div>\n\t\t<\/div>\n\t<\/div>\n<\/div><\/div><\/div><div class=\"wpb_column vc_column_container vc_col-sm-9\"><div class=\"vc_column-inner\"><div class=\"wpb_wrapper\">\n\t<div class=\"wpb_text_column wpb_content_element  vc_custom_1704988082741\" >\n\t\t<div class=\"wpb_wrapper\">\n\t\t\t<h4>\u00bfQu\u00e9 tipos de inter\u00e9s se aplican?<\/h4>\n<ul>\n<li>Los tipos est\u00e1n sujetos a los cambios del mercado y dependen del perfil del prestatario y de los par\u00e1metros del pr\u00e9stamo, como el importe del pr\u00e9stamo, el programa de pr\u00e9stamo y el tipo de propiedad.<\/li>\n<\/ul>\n\n\t\t<\/div>\n\t<\/div>\n<\/div><\/div><\/div><\/div><div class=\"vc_separator wpb_content_element vc_separator_align_center vc_sep_width_100 vc_sep_pos_align_center vc_separator_no_text vc_sep_color_grey\" ><span class=\"vc_sep_holder vc_sep_holder_l\"><span class=\"vc_sep_line\"><\/span><\/span><span class=\"vc_sep_holder vc_sep_holder_r\"><span class=\"vc_sep_line\"><\/span><\/span>\n<\/div><div class=\"vc_row wpb_row vc_inner vc_row-fluid\"><div class=\"wpb_column vc_column_container vc_col-sm-12\"><div class=\"vc_column-inner\"><div class=\"wpb_wrapper\"><\/div><\/div><\/div><\/div><\/div><\/div><\/div><\/section><div class=\"vc_row wpb_row vc_row-fluid\"><div class=\"wpb_column vc_column_container vc_col-sm-12\"><div class=\"wpb_wrapper\"><div class=\"vc_empty_space\"   style=\"height: 32px\"><span class=\"vc_empty_space_inner\"><\/span><\/div><\/div><\/div><\/div><div data-vc-full-width=\"true\" data-vc-full-width-init=\"false\" class=\"vc_row wpb_row vc_row-fluid vc_custom_1704388746672 vc_row-has-fill full-width\"><div class=\"wpb_column vc_column_container vc_col-sm-12\"><div class=\"wpb_wrapper\"><div class=\"vc_row wpb_row vc_inner vc_row-fluid align-center\"><div class=\"wpb_column vc_column_container vc_col-sm-12\"><div class=\"vc_column-inner\"><div class=\"wpb_wrapper\">\n\t<div class=\"wpb_text_column wpb_content_element  vc_custom_1706804840709\" >\n\t\t<div class=\"wpb_wrapper\">\n\t\t\t<h3 style=\"text-align: center;\">Para solicitarlo, p\u00f3ngase en contacto con un asesor hipotecario<\/h3>\n\n\t\t<\/div>\n\t<\/div>\n<a class=\"more botonwho align-center\" href=\"https:\/\/kalbadvisors.com\/es\/contact\/\" title=\"Contacte con nosotros\">Contacte con nosotros<\/a><\/div><\/div><\/div><\/div><\/div><\/div><\/div><div class=\"vc_row-full-width vc_clearfix\"><\/div>\n<\/section>","protected":false},"excerpt":{"rendered":"NUESTROS PRODUCTOS PR\u00c9STAMOS JUMBO Y SUPER JUMBO question_mark \u00bfQu\u00e9 son los pr\u00e9stamos Jumbo y Super Jumbo? Los pr\u00e9stamos Jumbo son pr\u00e9stamos de mayor cuant\u00eda que superan los l\u00edmites establecidos para los pr\u00e9stamos conformes. Estas hipotecas suelen requerir un pago inicial m\u00e1s elevado, mayores reservas de efectivo y un mejor historial crediticio. home_work TIPOS DE PROPIEDADES Unifamiliares Multifamiliares de 2 a 4 unidades Condominios info DETALLES DEL PROGRAMA Pago inicial m\u00ednimo:","protected":false},"author":1,"featured_media":1747,"parent":0,"menu_order":0,"comment_status":"closed","ping_status":"closed","template":"taxonomy-ql_services_category.php","meta":{"_coblocks_attr":"","_coblocks_dimensions":"","_coblocks_responsive_height":"","_coblocks_accordion_ie_support":"","footnotes":""},"class_list":["post-3417","page","type-page","status-publish","has-post-thumbnail","hentry"],"_links":{"self":[{"href":"https:\/\/kalbadvisors.com\/es\/wp-json\/wp\/v2\/pages\/3417","targetHints":{"allow":["GET"]}}],"collection":[{"href":"https:\/\/kalbadvisors.com\/es\/wp-json\/wp\/v2\/pages"}],"about":[{"href":"https:\/\/kalbadvisors.com\/es\/wp-json\/wp\/v2\/types\/page"}],"author":[{"embeddable":true,"href":"https:\/\/kalbadvisors.com\/es\/wp-json\/wp\/v2\/users\/1"}],"replies":[{"embeddable":true,"href":"https:\/\/kalbadvisors.com\/es\/wp-json\/wp\/v2\/comments?post=3417"}],"version-history":[{"count":11,"href":"https:\/\/kalbadvisors.com\/es\/wp-json\/wp\/v2\/pages\/3417\/revisions"}],"predecessor-version":[{"id":3706,"href":"https:\/\/kalbadvisors.com\/es\/wp-json\/wp\/v2\/pages\/3417\/revisions\/3706"}],"wp:featuredmedia":[{"embeddable":true,"href":"https:\/\/kalbadvisors.com\/es\/wp-json\/wp\/v2\/media\/1747"}],"wp:attachment":[{"href":"https:\/\/kalbadvisors.com\/es\/wp-json\/wp\/v2\/media?parent=3417"}],"curies":[{"name":"wp","href":"https:\/\/api.w.org\/{rel}","templated":true}]}}