{"id":3826,"date":"2024-06-18T20:24:56","date_gmt":"2024-06-18T20:24:56","guid":{"rendered":"https:\/\/kalbadvisors.com\/?page_id=3826"},"modified":"2024-09-09T23:13:46","modified_gmt":"2024-09-09T23:13:46","slug":"rennovation_bridge_loans","status":"publish","type":"page","link":"https:\/\/kalbadvisors.com\/es\/rennovation_bridge_loans\/","title":{"rendered":"PR\u00c9STAMOS DE RENOVACI\u00d3N Y PR\u00c9STAMOS PUENTE"},"content":{"rendered":"<section class=\"wpb-content-wrapper\"><div data-vc-full-width=\"true\" data-vc-full-width-init=\"false\" data-vc-stretch-content=\"true\" class=\"vc_row wpb_row vc_row-fluid vc_custom_1718742082868 vc_row-has-fill full-width vc_row-no-padding vc_row-o-full-height vc_row-o-columns-middle vc_row-flex\"><div class=\"wpb_column vc_column_container vc_col-sm-12\"><div class=\"wpb_wrapper\">\n\t<div class=\"wpb_text_column wpb_content_element  vc_custom_1704904124894 white-text\" >\n\t\t<div class=\"wpb_wrapper\">\n\t\t\t<h2 style=\"text-align: left; color: #fffff;\"><span style=\"color: #ffffff;\">NUESTROS PRODUCTOS <\/span><\/h2>\n\n\t\t<\/div>\n\t<\/div>\n<\/div><\/div><\/div><div class=\"vc_row-full-width vc_clearfix\"><\/div><section class=\"vc_section gray vc_custom_1704907991572 vc_section-has-fill\"><div class=\"vc_row wpb_row vc_row-fluid\"><div class=\"wpb_column vc_column_container vc_col-sm-12 vc_custom_1704909251458\"><div class=\"wpb_wrapper\"><h1 class=\"box-header align-center\">PR\u00c9STAMOS DE RENOVACI\u00d3N Y PR\u00c9STAMOS PUENTE<\/h1><\/div><\/div><\/div><div class=\"vc_row wpb_row vc_row-fluid drop-shadow vc_custom_1704920441562\"><div class=\"wpb_column vc_column_container vc_col-sm-12\"><div class=\"wpb_wrapper\"><div class=\"vc_row wpb_row vc_inner vc_row-fluid vc_custom_1704910437807 vc_row-has-fill vc_row-o-equal-height vc_row-flex\"><div class=\"align-center wpb_column vc_column_container vc_col-sm-3\"><div class=\"vc_column-inner vc_custom_1704907398203\"><div class=\"wpb_wrapper\">\n\t<div class=\"wpb_raw_code wpb_content_element wpb_raw_html\" >\n\t\t<div class=\"wpb_wrapper\">\n\t\t\t<div class=\"iconos-prod\"><span class=\"material-symbols-outlined\" >\nquestion_mark\n<\/span><\/div>\n\t\t<\/div>\n\t<\/div>\n<\/div><\/div><\/div><div class=\"wpb_column vc_column_container vc_col-sm-9\"><div class=\"vc_column-inner\"><div class=\"wpb_wrapper\">\n\t<div class=\"wpb_text_column wpb_content_element  vc_custom_1725901183713\" >\n\t\t<div class=\"wpb_wrapper\">\n\t\t\t<h4>QU\u00c9 SON LOS PR\u00c9STAMOS PARA RENOVACI\u00d3N Y LOS PR\u00c9STAMOS PUENTE<\/h4>\n<p style=\"font-weight: 400;\">Rehabilitaci\u00f3n: Se utiliza para cubrir los gastos de renovaci\u00f3n de una vivienda existente.<\/p>\n<p style=\"font-weight: 400;\">Fix And Flip: Se utiliza para comprar y renovar propiedades para venderlas y obtener beneficios.<\/p>\n<p>Pr\u00e9stamos puente:\u00a0<span lang=\"ES-MX\"><span lang=\"EN-US\">Financiaci\u00f3n a corto plazo utilizada hasta que se garantice la financiaci\u00f3n permanente o se cancele una obligaci\u00f3n existente, utilizando la propiedad como garant\u00eda.<\/span><\/span><\/p>\n\n\t\t<\/div>\n\t<\/div>\n<\/div><\/div><\/div><\/div><div class=\"vc_separator wpb_content_element vc_separator_align_center vc_sep_width_100 vc_sep_pos_align_center vc_separator_no_text vc_sep_color_grey\" ><span class=\"vc_sep_holder vc_sep_holder_l\"><span class=\"vc_sep_line\"><\/span><\/span><span class=\"vc_sep_holder vc_sep_holder_r\"><span class=\"vc_sep_line\"><\/span><\/span>\n<\/div><div class=\"vc_row wpb_row vc_inner vc_row-fluid vc_custom_1704909933433 vc_row-has-fill vc_row-o-equal-height vc_row-flex\"><div class=\"align-center wpb_column vc_column_container vc_col-sm-3\"><div class=\"vc_column-inner vc_custom_1704907398203\"><div class=\"wpb_wrapper\">\n\t<div class=\"wpb_raw_code wpb_content_element wpb_raw_html\" >\n\t\t<div class=\"wpb_wrapper\">\n\t\t\t<div class=\"iconos-prod\"><span class=\"material-symbols-outlined\" >\nhome_work\n<\/span><\/div>\n\t\t<\/div>\n\t<\/div>\n<\/div><\/div><\/div><div class=\"wpb_column vc_column_container vc_col-sm-9\"><div class=\"vc_column-inner\"><div class=\"wpb_wrapper\">\n\t<div class=\"wpb_text_column wpb_content_element  vc_custom_1725901207502\" >\n\t\t<div class=\"wpb_wrapper\">\n\t\t\t<h4>TIPOS<\/h4>\n<ul>\n<li>Inversi\u00f3n y propiedades residenciales y comerciales ocupadas por sus propietarios<\/li>\n<\/ul>\n\n\t\t<\/div>\n\t<\/div>\n<\/div><\/div><\/div><\/div><div class=\"vc_separator wpb_content_element vc_separator_align_center vc_sep_width_100 vc_sep_pos_align_center vc_separator_no_text vc_sep_color_grey\" ><span class=\"vc_sep_holder vc_sep_holder_l\"><span class=\"vc_sep_line\"><\/span><\/span><span class=\"vc_sep_holder vc_sep_holder_r\"><span class=\"vc_sep_line\"><\/span><\/span>\n<\/div><div class=\"vc_separator wpb_content_element vc_separator_align_center vc_sep_width_100 vc_sep_pos_align_center vc_separator_no_text vc_sep_color_grey\" ><span class=\"vc_sep_holder vc_sep_holder_l\"><span class=\"vc_sep_line\"><\/span><\/span><span class=\"vc_sep_holder vc_sep_holder_r\"><span class=\"vc_sep_line\"><\/span><\/span>\n<\/div><div class=\"vc_separator wpb_content_element vc_separator_align_center vc_sep_width_100 vc_sep_pos_align_center vc_separator_no_text vc_sep_color_grey\" ><span class=\"vc_sep_holder vc_sep_holder_l\"><span class=\"vc_sep_line\"><\/span><\/span><span class=\"vc_sep_holder vc_sep_holder_r\"><span class=\"vc_sep_line\"><\/span><\/span>\n<\/div><div class=\"vc_separator wpb_content_element vc_separator_align_center vc_sep_width_100 vc_sep_pos_align_center vc_separator_no_text vc_sep_color_grey\" ><span class=\"vc_sep_holder vc_sep_holder_l\"><span class=\"vc_sep_line\"><\/span><\/span><span class=\"vc_sep_holder vc_sep_holder_r\"><span class=\"vc_sep_line\"><\/span><\/span>\n<\/div><div class=\"vc_separator wpb_content_element vc_separator_align_center vc_sep_width_100 vc_sep_pos_align_center vc_separator_no_text vc_sep_color_grey\" ><span class=\"vc_sep_holder vc_sep_holder_l\"><span class=\"vc_sep_line\"><\/span><\/span><span class=\"vc_sep_holder vc_sep_holder_r\"><span class=\"vc_sep_line\"><\/span><\/span>\n<\/div><div class=\"vc_row wpb_row vc_inner vc_row-fluid\"><div class=\"wpb_column vc_column_container vc_col-sm-12\"><div class=\"vc_column-inner\"><div class=\"wpb_wrapper\"><\/div><\/div><\/div><\/div><\/div><\/div><\/div><\/section><div class=\"vc_row wpb_row vc_row-fluid\"><div class=\"wpb_column vc_column_container vc_col-sm-12\"><div class=\"wpb_wrapper\"><div class=\"vc_empty_space\"   style=\"height: 32px\"><span class=\"vc_empty_space_inner\"><\/span><\/div><\/div><\/div><\/div><div data-vc-full-width=\"true\" data-vc-full-width-init=\"false\" class=\"vc_row wpb_row vc_row-fluid vc_custom_1704388746672 vc_row-has-fill full-width\"><div class=\"wpb_column vc_column_container vc_col-sm-12\"><div class=\"wpb_wrapper\"><div class=\"vc_row wpb_row vc_inner vc_row-fluid align-center\"><div class=\"wpb_column vc_column_container vc_col-sm-12\"><div class=\"vc_column-inner\"><div class=\"wpb_wrapper\">\n\t<div class=\"wpb_text_column wpb_content_element  vc_custom_1706717913768\" >\n\t\t<div class=\"wpb_wrapper\">\n\t\t\t<h3 style=\"text-align: center;\">Para solicitarlo, p\u00f3ngase en contacto con un asesor hipotecario<\/h3>\n\n\t\t<\/div>\n\t<\/div>\n<a class=\"more botonwho align-center\" href=\"https:\/\/kalbadvisors.com\/es\/contact\/\" title=\"CONTACTO\">CONTACTO<\/a><\/div><\/div><\/div><\/div><\/div><\/div><\/div><div class=\"vc_row-full-width vc_clearfix\"><\/div>\n<\/section>","protected":false},"excerpt":{"rendered":"NUESTROS PRODUCTOS PR\u00c9STAMOS PARA RENOVACIONES Y PR\u00c9STAMOS PUENTE question_mark \u00bfQU\u00c9 SON LOS PR\u00c9STAMOS PARA RENOVACIONES Y LOS PR\u00c9STAMOS PUENTE? Rehabilitaci\u00f3n: se utilizan para cubrir los gastos de renovaci\u00f3n de una vivienda existente. Fix And Flip: se utilizan para comprar y renovar propiedades con el fin de venderlas y obtener un beneficio. Pr\u00e9stamos puente: financiaci\u00f3n a corto plazo que se utiliza hasta que se obtiene la financiaci\u00f3n permanente o se liquida una obligaci\u00f3n existente.,","protected":false},"author":1,"featured_media":1747,"parent":0,"menu_order":0,"comment_status":"closed","ping_status":"closed","template":"taxonomy-ql_services_category.php","meta":{"_coblocks_attr":"","_coblocks_dimensions":"","_coblocks_responsive_height":"","_coblocks_accordion_ie_support":"","footnotes":""},"class_list":["post-3826","page","type-page","status-publish","has-post-thumbnail","hentry"],"_links":{"self":[{"href":"https:\/\/kalbadvisors.com\/es\/wp-json\/wp\/v2\/pages\/3826","targetHints":{"allow":["GET"]}}],"collection":[{"href":"https:\/\/kalbadvisors.com\/es\/wp-json\/wp\/v2\/pages"}],"about":[{"href":"https:\/\/kalbadvisors.com\/es\/wp-json\/wp\/v2\/types\/page"}],"author":[{"embeddable":true,"href":"https:\/\/kalbadvisors.com\/es\/wp-json\/wp\/v2\/users\/1"}],"replies":[{"embeddable":true,"href":"https:\/\/kalbadvisors.com\/es\/wp-json\/wp\/v2\/comments?post=3826"}],"version-history":[{"count":6,"href":"https:\/\/kalbadvisors.com\/es\/wp-json\/wp\/v2\/pages\/3826\/revisions"}],"predecessor-version":[{"id":3962,"href":"https:\/\/kalbadvisors.com\/es\/wp-json\/wp\/v2\/pages\/3826\/revisions\/3962"}],"wp:featuredmedia":[{"embeddable":true,"href":"https:\/\/kalbadvisors.com\/es\/wp-json\/wp\/v2\/media\/1747"}],"wp:attachment":[{"href":"https:\/\/kalbadvisors.com\/es\/wp-json\/wp\/v2\/media?parent=3826"}],"curies":[{"name":"wp","href":"https:\/\/api.w.org\/{rel}","templated":true}]}}