{"id":3883,"date":"2024-06-18T23:02:15","date_gmt":"2024-06-18T23:02:15","guid":{"rendered":"https:\/\/kalbadvisors.com\/?page_id=3883"},"modified":"2024-09-26T16:00:41","modified_gmt":"2024-09-26T16:00:41","slug":"apply-now-2","status":"publish","type":"page","link":"https:\/\/kalbadvisors.com\/es\/apply-now-2\/","title":{"rendered":"Solicitar ahora \u2013 Seleccionar -Kalb Advisors"},"content":{"rendered":"<section class=\"wpb-content-wrapper\"><div class=\"vc_row wpb_row vc_row-fluid vc_custom_1718746806876 vc_row-has-fill full-width\"><div class=\"wpb_column vc_column_container vc_col-sm-12 vc_custom_1706717256697\"><div class=\"wpb_wrapper\"><\/div><\/div><\/div><div class=\"vc_row wpb_row vc_row-fluid vc_custom_1706717350124\"><div class=\"wpb_column vc_column_container vc_col-sm-12 vc_custom_1709231315288\"><div class=\"wpb_wrapper\">\n\t<div class=\"wpb_text_column wpb_content_element\" >\n\t\t<div class=\"wpb_wrapper\">\n\t\t\t<h1 style=\"text-align: center;\">HACEMOS QUE INVERTIR EN INMUEBLES SEA M\u00c1S ASEQUIBLE Y F\u00c1CIL PARA USTED<\/h1>\n\n\t\t<\/div>\n\t<\/div>\n<\/div><\/div><\/div><div class=\"vc_row wpb_row vc_row-fluid vc_custom_1706717350124\"><div class=\"wpb_column vc_column_container vc_col-sm-12 vc_custom_1709231315288\"><div class=\"wpb_wrapper\">\n\t<div class=\"wpb_text_column wpb_content_element\" >\n\t\t<div class=\"wpb_wrapper\">\n\t\t\t<h4 style=\"text-align: center;\">Busco un pr\u00e9stamo para<\/h4>\n\n\t\t<\/div>\n\t<\/div>\n<\/div><\/div><\/div><div class=\"vc_row wpb_row vc_row-fluid vc_custom_1718748148541 vc_column-gap-5\"><div class=\"applysquares wpb_column vc_column_container vc_col-sm-6 vc_col-has-fill vc_custom_1718748370277\"><div class=\"wpb_wrapper\">\n\t<div  class=\"wpb_single_image wpb_content_element vc_align_center\">\n\t\t\n\t\t<figure class=\"wpb_wrapper vc_figure\">\n\t\t\t<a class=\"vc_single_image-wrapper   vc_box_border_grey\" href=\"https:\/\/kalbinternational.com\/commercial\/login.php\" target=\"_blank\"><img loading=\"lazy\" decoding=\"async\" width=\"150\" height=\"150\" src=\"https:\/\/kalbadvisors.com\/wp-content\/uploads\/2024\/06\/domestic-150x150.png\" class=\"vc_single_image-img attachment-thumbnail\" alt=\"\" title=\"dom\u00e9stico\" srcset=\"https:\/\/kalbadvisors.com\/wp-content\/uploads\/2024\/06\/domestic-150x150.png 150w, https:\/\/kalbadvisors.com\/wp-content\/uploads\/2024\/06\/domestic-100x100.png 100w\" sizes=\"auto, (max-width: 150px) 100vw, 150px\" \/><\/a>\n\t\t<\/figure>\n\t<\/div>\n\n\t<div class=\"wpb_text_column wpb_content_element\" >\n\t\t<div class=\"wpb_wrapper\">\n\t\t\t<h5 style=\"text-align: center;\"><a href=\"https:\/\/kalbinternational.com\/commercial\/\" target=\"_blank\" rel=\"noopener\">PRESTATARIO NACIONAL<\/a><\/h5>\n\n\t\t<\/div>\n\t<\/div>\n<\/div><\/div><div class=\"applysquares wpb_column vc_column_container vc_col-sm-6 vc_col-has-fill vc_custom_1718748397451\"><div class=\"wpb_wrapper\">\n\t<div  class=\"wpb_single_image wpb_content_element vc_align_center\">\n\t\t\n\t\t<figure class=\"wpb_wrapper vc_figure\">\n\t\t\t<a class=\"vc_single_image-wrapper   vc_box_border_grey\" href=\"https:\/\/kalbinternational.com\/commercial\/\" target=\"_blank\"><img loading=\"lazy\" decoding=\"async\" width=\"150\" height=\"150\" src=\"https:\/\/kalbadvisors.com\/wp-content\/uploads\/2024\/06\/foreign-150x150.png\" class=\"vc_single_image-img attachment-thumbnail\" alt=\"\" title=\"extranjero\" srcset=\"https:\/\/kalbadvisors.com\/wp-content\/uploads\/2024\/06\/foreign-150x150.png 150w, https:\/\/kalbadvisors.com\/wp-content\/uploads\/2024\/06\/foreign-100x100.png 100w\" sizes=\"auto, (max-width: 150px) 100vw, 150px\" \/><\/a>\n\t\t<\/figure>\n\t<\/div>\n\n\t<div class=\"wpb_text_column wpb_content_element\" >\n\t\t<div class=\"wpb_wrapper\">\n\t\t\t<h5 style=\"text-align: center;\"><a href=\"https:\/\/kalbinternational.com\/commercial\/\" target=\"_blank\" rel=\"noopener\">EXTRANJEROS<\/a><\/h5>\n\n\t\t<\/div>\n\t<\/div>\n<\/div><\/div><\/div><div class=\"vc_row wpb_row vc_row-fluid vc_custom_1707341843087 vc_row-has-fill\"><div class=\"wpb_column vc_column_container vc_col-sm-6\"><div class=\"wpb_wrapper\">\n\t<div class=\"wpb_text_column wpb_content_element\" >\n\t\t<div class=\"wpb_wrapper\">\n\t\t\t<h3 style=\"text-align: right;\">\u00bfListo para trabajar con nosotros?<\/h3>\n\n\t\t<\/div>\n\t<\/div>\n<\/div><\/div><div class=\"wpb_column vc_column_container vc_col-sm-6\"><div class=\"wpb_wrapper\"><a class=\"more botonwho\" href=\"https:\/\/kalbadvisors.com\/es\/contact\/\" title=\"CONTACTO\">CONTACTO<\/a><\/div><\/div><\/div>\n<\/section>","protected":false},"excerpt":{"rendered":"HACEMOS QUE INVESTIGAR EN BIENES RA\u00cdCES SEA M\u00c1S ASEQUIBLE Y F\u00c1CIL PARA USTED Estoy buscando un pr\u00e9stamo para PRESTATARIOS NACIONALES EXTRANJEROS \u00bfListo para trabajar con nosotros? CONT\u00c1CTENOS","protected":false},"author":1,"featured_media":0,"parent":0,"menu_order":0,"comment_status":"closed","ping_status":"closed","template":"template-home.php","meta":{"_coblocks_attr":"","_coblocks_dimensions":"","_coblocks_responsive_height":"","_coblocks_accordion_ie_support":"","footnotes":""},"class_list":["post-3883","page","type-page","status-publish","hentry"],"_links":{"self":[{"href":"https:\/\/kalbadvisors.com\/es\/wp-json\/wp\/v2\/pages\/3883","targetHints":{"allow":["GET"]}}],"collection":[{"href":"https:\/\/kalbadvisors.com\/es\/wp-json\/wp\/v2\/pages"}],"about":[{"href":"https:\/\/kalbadvisors.com\/es\/wp-json\/wp\/v2\/types\/page"}],"author":[{"embeddable":true,"href":"https:\/\/kalbadvisors.com\/es\/wp-json\/wp\/v2\/users\/1"}],"replies":[{"embeddable":true,"href":"https:\/\/kalbadvisors.com\/es\/wp-json\/wp\/v2\/comments?post=3883"}],"version-history":[{"count":10,"href":"https:\/\/kalbadvisors.com\/es\/wp-json\/wp\/v2\/pages\/3883\/revisions"}],"predecessor-version":[{"id":4100,"href":"https:\/\/kalbadvisors.com\/es\/wp-json\/wp\/v2\/pages\/3883\/revisions\/4100"}],"wp:attachment":[{"href":"https:\/\/kalbadvisors.com\/es\/wp-json\/wp\/v2\/media?parent=3883"}],"curies":[{"name":"wp","href":"https:\/\/api.w.org\/{rel}","templated":true}]}}