{"id":4130,"date":"2025-01-23T17:42:34","date_gmt":"2025-01-23T17:42:34","guid":{"rendered":"https:\/\/kalbadvisors.com\/?page_id=4130"},"modified":"2025-03-06T17:07:13","modified_gmt":"2025-03-06T17:07:13","slug":"apply-now-3-2","status":"publish","type":"page","link":"https:\/\/kalbadvisors.com\/es\/apply-now-3-2\/","title":{"rendered":"Solicitar ahora - Kalb Advisors2"},"content":{"rendered":"<section class=\"wpb-content-wrapper\"><div class=\"vc_row wpb_row vc_row-fluid vc_custom_1726069696892 vc_row-has-fill full-width\"><div class=\"wpb_column vc_column_container vc_col-sm-12 vc_custom_1706717256697\"><div class=\"wpb_wrapper\"><\/div><\/div><\/div><div class=\"vc_row wpb_row vc_row-fluid vc_custom_1706717350124\"><div class=\"wpb_column vc_column_container vc_col-sm-12 vc_custom_1709231315288\"><div class=\"wpb_wrapper\">\n\t<div class=\"wpb_text_column wpb_content_element\" >\n\t\t<div class=\"wpb_wrapper\">\n\t\t\t<h1 style=\"text-align: center;\">HACEMOS QUE INVERTIR EN INMUEBLES SEA M\u00c1S ASEQUIBLE Y F\u00c1CIL PARA USTED<\/h1>\n\n\t\t<\/div>\n\t<\/div>\n<\/div><\/div><\/div><div class=\"vc_row wpb_row vc_row-fluid vc_custom_1706717350124\"><div class=\"wpb_column vc_column_container vc_col-sm-12 vc_custom_1709231315288\"><div class=\"wpb_wrapper\">\n\t<div class=\"wpb_text_column wpb_content_element\" >\n\t\t<div class=\"wpb_wrapper\">\n\t\t\t<h4 style=\"text-align: center;\">\u00bfTrabaja actualmente con un agente?<br \/>\nPor favor, seleccione aquella con la que trabaja.<\/h4>\n\n\t\t<\/div>\n\t<\/div>\n\n\t<div class=\"wpb_raw_code wpb_content_element wpb_raw_html\" >\n\t\t<div class=\"wpb_wrapper\">\n\t\t\t<div class=\"dropdown-wrapper\">\n    <div class=\"custom-dropdown\">\n        <!-- First Dropdown: Users -->\n        <div class=\"dropdown-button\" onclick=\"toggleDropdown('userDropdown')\">\n            <img decoding=\"async\" src=\"https:\/\/kalbadvisors.com\/wp-content\/uploads\/2025\/01\/agent.jpg\" alt=\"User Avatar\">\n            <span><strong>Seleccione su agente<\/strong><\/span>\n        <\/div>\n        <div class=\"dropdown-list\" id=\"userDropdown\">\n            <div class=\"dropdown-item\" onclick=\"selectUser('Eduardo Kalb', 'Eduardokalb')\">\n                <img decoding=\"async\" src=\"https:\/\/kalbadvisors.com\/wp-content\/uploads\/2025\/01\/avatar-eduardo.jpg\" alt=\"User Avatar\">\n                <span>Eduardo<\/span> <span>Kalb<\/span>\n            <\/div>\n            <div class=\"dropdown-item\" onclick=\"selectUser('Mar\u00eda Garc\u00eda', 'MariaGarcia')\">\n                <img decoding=\"async\" src=\"https:\/\/kalbadvisors.com\/wp-content\/uploads\/2025\/01\/avatar-maria.jpg\" alt=\"User Avatar\">\n                <span>Mar\u00eda<\/span> <span>Garc\u00eda<\/span>\n            <\/div>\n            \n            <div class=\"dropdown-item\" onclick=\"selectUser('Lucas Marambio', 'LucasMarambio')\">\n                <img decoding=\"async\" src=\"https:\/\/kalbadvisors.com\/wp-content\/uploads\/2025\/01\/avatar-lucas.jpg\" alt=\"User Avatar\">\n                <span>Lucas<\/span> <span>Marambio<\/span>\n            <\/div>\n            \n            <div class=\"dropdown-item\" onclick=\"selectUser('Tia Deuel', 'Tiadeuel')\">\n                <img decoding=\"async\" src=\"https:\/\/kalbadvisors.com\/wp-content\/uploads\/2025\/01\/avatar-tia.jpg\" alt=\"User Avatar\">\n                <span>Tia<\/span> <span>Deuel<\/span>\n            <\/div>\n             <div class=\"dropdown-item\" onclick=\"selectUser('Pilar Acero', 'Pilaracero')\">\n                <img decoding=\"async\" src=\"https:\/\/kalbadvisors.com\/wp-content\/uploads\/2025\/02\/avatar-pilar.jpg\" alt=\"User Avatar\">\n                <span>Pilar<\/span> <span>Acero<\/span>\n            <\/div>\n        <\/div>\n\n        <!-- Second Dropdown: Main Options -->\n        <div class=\"dropdown-list\" id=\"optionsDropdown\">\n            <div class=\"dropdown-item back-button\" onclick=\"goBack('user')\">\n                \u2190 Volver a Agentes\n            <\/div>\n            <div class=\"dropdown-item\" onclick=\"selectOption('Buy a Property')\">\n                <img decoding=\"async\" src=\"https:\/\/kalbadvisors.com\/wp-content\/uploads\/2024\/06\/refinance-150x150.png\" alt=\"Buy Property\">\n                <span>Comprar una propiedad<\/span>\n            <\/div>\n            <div class=\"dropdown-item\" onclick=\"selectOption('Refinance')\">\n                <img decoding=\"async\" src=\"https:\/\/kalbadvisors.com\/wp-content\/uploads\/2024\/06\/buyproperty-150x150.png\" alt=\"Refinance\">\n                <span>Refinanciar una propiedad<\/span>\n            <\/div>\n            <div class=\"dropdown-item\" onclick=\"selectOption('Commercial')\">\n                <img decoding=\"async\" src=\"https:\/\/kalbadvisors.com\/wp-content\/uploads\/2024\/06\/commercial-150x150.png\" alt=\"Commercial Property\">\n                <span>Financiar un local comercial<\/span>\n            <\/div>\n        <\/div>\n\n        <!-- Third Dropdown: Final Options -->\n        <div class=\"dropdown-list\" id=\"finalOptionsDropdown\">\n            <div class=\"dropdown-item back-button\" onclick=\"goBack('options')\">\n                \u2190 Volver a Opciones\n            <\/div>\n        <\/div>\n    <\/div>\n<\/div>\n\t\t<\/div>\n\t<\/div>\n<\/div><\/div><\/div><div class=\"vc_row wpb_row vc_row-fluid vc_custom_1706717350124\"><div class=\"wpb_column vc_column_container vc_col-sm-12 vc_custom_1709231315288\"><div class=\"wpb_wrapper\">\n\t<div class=\"wpb_text_column wpb_content_element\" >\n\t\t<div class=\"wpb_wrapper\">\n\t\t\t<h4 style=\"text-align: center;\">Busco un pr\u00e9stamo para<\/h4>\n\n\t\t<\/div>\n\t<\/div>\n<\/div><\/div><\/div><div class=\"vc_row wpb_row vc_row-fluid vc_custom_1718748148541 vc_column-gap-5\"><div class=\"applysquares wpb_column vc_column_container vc_col-sm-4 vc_col-has-fill vc_custom_1718748370277\"><div class=\"wpb_wrapper\">\n\t<div  class=\"wpb_single_image wpb_content_element vc_align_center\">\n\t\t\n\t\t<figure class=\"wpb_wrapper vc_figure\">\n\t\t\t<a class=\"vc_single_image-wrapper   vc_box_border_grey\" href=\"https:\/\/kalbadvisors.com\/es\/apply-now-2-2\/\" target=\"_blank\"><img loading=\"lazy\" decoding=\"async\" width=\"150\" height=\"150\" src=\"https:\/\/kalbadvisors.com\/wp-content\/uploads\/2024\/06\/refinance-150x150.png\" class=\"vc_single_image-img attachment-thumbnail\" alt=\"\" title=\"refinanciar\" srcset=\"https:\/\/kalbadvisors.com\/wp-content\/uploads\/2024\/06\/refinance-150x150.png 150w, https:\/\/kalbadvisors.com\/wp-content\/uploads\/2024\/06\/refinance-100x100.png 100w\" sizes=\"auto, (max-width: 150px) 100vw, 150px\" \/><\/a>\n\t\t<\/figure>\n\t<\/div>\n\n\t<div class=\"wpb_text_column wpb_content_element\" >\n\t\t<div class=\"wpb_wrapper\">\n\t\t\t<h5 style=\"text-align: center;\"><a href=\"https:\/\/kalbadvisors.com\/es\/apply-now-2-2\/\" target=\"_blank\" rel=\"noopener\">COMPRAR UNA PROPIEDAD<\/a><\/h5>\n\n\t\t<\/div>\n\t<\/div>\n<\/div><\/div><div class=\"applysquares wpb_column vc_column_container vc_col-sm-4 vc_col-has-fill vc_custom_1718748397451\"><div class=\"wpb_wrapper\">\n\t<div  class=\"wpb_single_image wpb_content_element vc_align_center\">\n\t\t\n\t\t<figure class=\"wpb_wrapper vc_figure\">\n\t\t\t<a class=\"vc_single_image-wrapper   vc_box_border_grey\" href=\"https:\/\/kalbadvisors.com\/es\/apply-now-2-2\/\" target=\"_blank\"><img loading=\"lazy\" decoding=\"async\" width=\"150\" height=\"150\" src=\"https:\/\/kalbadvisors.com\/wp-content\/uploads\/2024\/06\/buyproperty-150x150.png\" class=\"vc_single_image-img attachment-thumbnail\" alt=\"\" title=\"comprarpropiedad\" srcset=\"https:\/\/kalbadvisors.com\/wp-content\/uploads\/2024\/06\/buyproperty-150x150.png 150w, https:\/\/kalbadvisors.com\/wp-content\/uploads\/2024\/06\/buyproperty-100x100.png 100w\" sizes=\"auto, (max-width: 150px) 100vw, 150px\" \/><\/a>\n\t\t<\/figure>\n\t<\/div>\n\n\t<div class=\"wpb_text_column wpb_content_element\" >\n\t\t<div class=\"wpb_wrapper\">\n\t\t\t<h5 style=\"text-align: center;\"><a href=\"https:\/\/kalbadvisors.com\/es\/apply-now-2-2\/\" target=\"_blank\" rel=\"noopener\">REFINANCIAR UNA PROPIEDAD<\/a><\/h5>\n\n\t\t<\/div>\n\t<\/div>\n<\/div><\/div><div class=\"applysquares wpb_column vc_column_container vc_col-sm-4 vc_col-has-fill vc_custom_1718748402768\"><div class=\"wpb_wrapper\">\n\t<div  class=\"wpb_single_image wpb_content_element vc_align_center\">\n\t\t\n\t\t<figure class=\"wpb_wrapper vc_figure\">\n\t\t\t<a class=\"vc_single_image-wrapper   vc_box_border_grey\" href=\"https:\/\/kalbadvisors.com\/es\/apply-now-2\/\" target=\"_blank\"><img loading=\"lazy\" decoding=\"async\" width=\"150\" height=\"150\" src=\"https:\/\/kalbadvisors.com\/wp-content\/uploads\/2024\/06\/commercial-150x150.png\" class=\"vc_single_image-img attachment-thumbnail\" alt=\"\" title=\"comercial\" srcset=\"https:\/\/kalbadvisors.com\/wp-content\/uploads\/2024\/06\/commercial-150x150.png 150w, https:\/\/kalbadvisors.com\/wp-content\/uploads\/2024\/06\/commercial-100x100.png 100w\" sizes=\"auto, (max-width: 150px) 100vw, 150px\" \/><\/a>\n\t\t<\/figure>\n\t<\/div>\n\n\t<div class=\"wpb_text_column wpb_content_element\" >\n\t\t<div class=\"wpb_wrapper\">\n\t\t\t<h5 style=\"text-align: center;\"><a href=\"https:\/\/kalbadvisors.com\/es\/apply-now-2\/\" target=\"_blank\" rel=\"noopener\">FINANCIAR UN LOCAL COMERCIAL<\/a><\/h5>\n\n\t\t<\/div>\n\t<\/div>\n<\/div><\/div><\/div><div class=\"vc_row wpb_row vc_row-fluid vc_custom_1707341843087 vc_row-has-fill\"><div class=\"wpb_column vc_column_container vc_col-sm-6\"><div class=\"wpb_wrapper\">\n\t<div class=\"wpb_text_column wpb_content_element\" >\n\t\t<div class=\"wpb_wrapper\">\n\t\t\t<h3 style=\"text-align: right;\">\u00bfListo para trabajar con nosotros?<\/h3>\n\n\t\t<\/div>\n\t<\/div>\n<\/div><\/div><div class=\"wpb_column vc_column_container vc_col-sm-6\"><div class=\"wpb_wrapper\"><a class=\"more botonwho\" href=\"https:\/\/kalbadvisors.com\/es\/contact\/\" title=\"CONTACTO\">CONTACTO<\/a><\/div><\/div><\/div>\n<\/section>","protected":false},"excerpt":{"rendered":"HACEMOS QUE INVERTIR EN BIENES INMUEBLES SEA M\u00c1S ASEQUIBLE Y F\u00c1CIL PARA USTED \u00bfEst\u00e1 trabajando actualmente con un agente? Por favor, seleccione con el que est\u00e1 trabajando. Seleccione su Agente Eduardo Kalb Mar\u00eda Garc\u00eda Lucas Marambio Tia Deuel Pilar Acero \u2190 Volver a Agentes Comprar una Propiedad Refinanciar una Propiedad Financiar una Propiedad Comercial \u2190 Volver","protected":false},"author":1,"featured_media":0,"parent":0,"menu_order":0,"comment_status":"closed","ping_status":"closed","template":"template-home.php","meta":{"_coblocks_attr":"","_coblocks_dimensions":"","_coblocks_responsive_height":"","_coblocks_accordion_ie_support":"","footnotes":""},"class_list":["post-4130","page","type-page","status-publish","hentry"],"_links":{"self":[{"href":"https:\/\/kalbadvisors.com\/es\/wp-json\/wp\/v2\/pages\/4130","targetHints":{"allow":["GET"]}}],"collection":[{"href":"https:\/\/kalbadvisors.com\/es\/wp-json\/wp\/v2\/pages"}],"about":[{"href":"https:\/\/kalbadvisors.com\/es\/wp-json\/wp\/v2\/types\/page"}],"author":[{"embeddable":true,"href":"https:\/\/kalbadvisors.com\/es\/wp-json\/wp\/v2\/users\/1"}],"replies":[{"embeddable":true,"href":"https:\/\/kalbadvisors.com\/es\/wp-json\/wp\/v2\/comments?post=4130"}],"version-history":[{"count":22,"href":"https:\/\/kalbadvisors.com\/es\/wp-json\/wp\/v2\/pages\/4130\/revisions"}],"predecessor-version":[{"id":4183,"href":"https:\/\/kalbadvisors.com\/es\/wp-json\/wp\/v2\/pages\/4130\/revisions\/4183"}],"wp:attachment":[{"href":"https:\/\/kalbadvisors.com\/es\/wp-json\/wp\/v2\/media?parent=4130"}],"curies":[{"name":"wp","href":"https:\/\/api.w.org\/{rel}","templated":true}]}}