{"id":453,"date":"2022-06-24T14:26:37","date_gmt":"2022-06-24T14:26:37","guid":{"rendered":"https:\/\/quanticalabs.com\/wptest\/finpeak\/?page_id=453"},"modified":"2024-09-09T23:22:29","modified_gmt":"2024-09-09T23:22:29","slug":"domestic_mortgages-2","status":"publish","type":"page","link":"https:\/\/kalbadvisors.com\/es\/domestic_mortgages-2\/","title":{"rendered":"Hipotecas nacionales"},"content":{"rendered":"<section class=\"wpb-content-wrapper\"><div data-vc-full-width=\"true\" data-vc-full-width-init=\"false\" data-vc-stretch-content=\"true\" class=\"vc_row wpb_row vc_row-fluid vc_custom_1704924157051 vc_row-has-fill full-width vc_row-no-padding vc_row-o-full-height vc_row-o-columns-middle vc_row-flex\"><div class=\"wpb_column vc_column_container vc_col-sm-12\"><div class=\"wpb_wrapper\">\n\t<div class=\"wpb_text_column wpb_content_element  vc_custom_1704387796319 white-text\" >\n\t\t<div class=\"wpb_wrapper\">\n\t\t\t<h2 style=\"text-align: left; color: #fffff;\"><span style=\"color: #ffffff;\">Hipotecas nacionales <\/span><\/h2>\n\n\t\t<\/div>\n\t<\/div>\n<\/div><\/div><\/div><div class=\"vc_row-full-width vc_clearfix\"><\/div><section class=\"vc_section gray vc_custom_1706717853725 vc_section-has-fill\"><div class=\"vc_row wpb_row vc_row-fluid padding-top-95\"><div class=\"wpb_column vc_column_container vc_col-sm-12\"><div class=\"wpb_wrapper\"><h5 class=\"box-header align-center\"><\/h5><div class=\"vc_row wpb_row vc_inner vc_row-fluid domestic vc_custom_1704989994009\"><div class=\"drop-shadow align-center wpb_column vc_column_container vc_col-sm-4 vc_col-has-fill\"><div class=\"vc_column-inner vc_custom_1704922419866\"><div class=\"wpb_wrapper\">\n\t<div  class=\"wpb_single_image wpb_content_element vc_align_left\">\n\t\t\n\t\t<figure class=\"wpb_wrapper vc_figure\">\n\t\t\t<div class=\"vc_single_image-wrapper   vc_box_border_grey\"><img loading=\"lazy\" decoding=\"async\" width=\"1000\" height=\"458\" src=\"https:\/\/kalbadvisors.com\/wp-content\/uploads\/2024\/01\/DOMESTIC_RESIDENTIAL_WEB.png\" class=\"vc_single_image-img attachment-full\" alt=\"\" title=\"WEB_DOM\u00c9STICA_RESIDENCIAL\" srcset=\"https:\/\/kalbadvisors.com\/wp-content\/uploads\/2024\/01\/DOMESTIC_RESIDENTIAL_WEB.png 1000w, https:\/\/kalbadvisors.com\/wp-content\/uploads\/2024\/01\/DOMESTIC_RESIDENTIAL_WEB-300x137.png 300w, https:\/\/kalbadvisors.com\/wp-content\/uploads\/2024\/01\/DOMESTIC_RESIDENTIAL_WEB-768x352.png 768w, https:\/\/kalbadvisors.com\/wp-content\/uploads\/2024\/01\/DOMESTIC_RESIDENTIAL_WEB-200x92.png 200w\" sizes=\"auto, (max-width: 1000px) 100vw, 1000px\" \/><\/div>\n\t\t<\/figure>\n\t<\/div>\n<h4 class=\"box-header align-center margin-top-15\">HIPOTECA RESIDENCIAL<\/h4>\n\t<div class=\"wpb_text_column wpb_content_element  vc_custom_1711486080749 align-left\" >\n\t\t<div class=\"wpb_wrapper\">\n\t\t\t<ul class=\"simple-list\">\n<li class=\"\">Un pr\u00e9stamo hipotecario convencional o tradicional est\u00e1 dise\u00f1ado para los prestatarios que buscan financiar propiedades residenciales con 1-4 unidades.<\/li>\n<li class=\"\">Se trata de propiedades generadoras de ingresos utilizadas exclusivamente con fines empresariales.<\/li>\n<\/ul>\n\n\t\t<\/div>\n\t<\/div>\n<a class=\"more botonwho align-center\" href=\"https:\/\/kalbadvisors.com\/es\/residential-mortgage\/\" title=\"LEER M\u00c1S\">LEER M\u00c1S<\/a><\/div><\/div><\/div><div class=\"drop-shadow align-center wpb_column vc_column_container vc_col-sm-4 vc_col-has-fill\"><div class=\"vc_column-inner vc_custom_1704922577731\"><div class=\"wpb_wrapper\">\n\t<div  class=\"wpb_single_image wpb_content_element vc_align_left\">\n\t\t\n\t\t<figure class=\"wpb_wrapper vc_figure\">\n\t\t\t<div class=\"vc_single_image-wrapper   vc_box_border_grey\"><img loading=\"lazy\" decoding=\"async\" width=\"1000\" height=\"458\" src=\"https:\/\/kalbadvisors.com\/wp-content\/uploads\/2024\/01\/DOMESTIC_FHA_WEB.png\" class=\"vc_single_image-img attachment-full\" alt=\"\" title=\"DOMESTIC_FHA_WEB\" srcset=\"https:\/\/kalbadvisors.com\/wp-content\/uploads\/2024\/01\/DOMESTIC_FHA_WEB.png 1000w, https:\/\/kalbadvisors.com\/wp-content\/uploads\/2024\/01\/DOMESTIC_FHA_WEB-300x137.png 300w, https:\/\/kalbadvisors.com\/wp-content\/uploads\/2024\/01\/DOMESTIC_FHA_WEB-768x352.png 768w, https:\/\/kalbadvisors.com\/wp-content\/uploads\/2024\/01\/DOMESTIC_FHA_WEB-200x92.png 200w\" sizes=\"auto, (max-width: 1000px) 100vw, 1000px\" \/><\/div>\n\t\t<\/figure>\n\t<\/div>\n<h4 class=\"box-header align-center margin-top-15\">Pr\u00e9stamos FHA, Compradores de Vivienda por Primera Vez<\/h4>\n\t<div class=\"wpb_text_column wpb_content_element  vc_custom_1704922669113 align-left\" >\n\t\t<div class=\"wpb_wrapper\">\n\t\t\t<ul class=\"simple-list\">\n<li class=\"\">Los pr\u00e9stamos de la FHA est\u00e1n dise\u00f1ados para quienes compran una vivienda por primera vez y para quienes adquieren su primera residencia.<\/li>\n<li class=\"\">Son ideales para quienes podr\u00edan considerar restrictivas otras opciones de pr\u00e9stamo.<\/li>\n<\/ul>\n\n\t\t<\/div>\n\t<\/div>\n<a class=\"more botonwho align-center\" href=\"https:\/\/kalbadvisors.com\/es\/fha-loans\/\" title=\"LEER M\u00c1S\">LEER M\u00c1S<\/a><\/div><\/div><\/div><div class=\"drop-shadow align-center wpb_column vc_column_container vc_col-sm-4 vc_col-has-fill\"><div class=\"vc_column-inner vc_custom_1704922572241\"><div class=\"wpb_wrapper\">\n\t<div  class=\"wpb_single_image wpb_content_element vc_align_left\">\n\t\t\n\t\t<figure class=\"wpb_wrapper vc_figure\">\n\t\t\t<div class=\"vc_single_image-wrapper   vc_box_border_grey\"><img loading=\"lazy\" decoding=\"async\" width=\"1000\" height=\"458\" src=\"https:\/\/kalbadvisors.com\/wp-content\/uploads\/2024\/01\/DOMESTIC_JUMBO_WEB.png\" class=\"vc_single_image-img attachment-full\" alt=\"\" title=\"DOMESTIC_JUMBO_WEB\" srcset=\"https:\/\/kalbadvisors.com\/wp-content\/uploads\/2024\/01\/DOMESTIC_JUMBO_WEB.png 1000w, https:\/\/kalbadvisors.com\/wp-content\/uploads\/2024\/01\/DOMESTIC_JUMBO_WEB-300x137.png 300w, https:\/\/kalbadvisors.com\/wp-content\/uploads\/2024\/01\/DOMESTIC_JUMBO_WEB-768x352.png 768w, https:\/\/kalbadvisors.com\/wp-content\/uploads\/2024\/01\/DOMESTIC_JUMBO_WEB-200x92.png 200w\" sizes=\"auto, (max-width: 1000px) 100vw, 1000px\" \/><\/div>\n\t\t<\/figure>\n\t<\/div>\n<h4 class=\"box-header align-center margin-top-15\">PR\u00c9STAMOS JUMBO Y SUPERJUMBO<\/h4>\n\t<div class=\"wpb_text_column wpb_content_element  vc_custom_1711486137047 align-left\" >\n\t\t<div class=\"wpb_wrapper\">\n\t\t\t<ul class=\"simple-list\">\n<li class=\"\">Los pr\u00e9stamos Jumbo son pr\u00e9stamos de mayor cuant\u00eda que superan los l\u00edmites de los pr\u00e9stamos conformes.<\/li>\n<li class=\"\">Estas hipotecas suelen requerir un mayor pago inicial, mayores reservas de efectivo y un mejor cr\u00e9dito.<\/li>\n<\/ul>\n\n\t\t<\/div>\n\t<\/div>\n<a class=\"more botonwho align-center\" href=\"https:\/\/kalbadvisors.com\/es\/jumbo-loans\/\" title=\"LEER M\u00c1S\">LEER M\u00c1S<\/a><\/div><\/div><\/div><\/div><div class=\"vc_row wpb_row vc_inner vc_row-fluid domestic vc_custom_1704989999221\"><div class=\"drop-shadow align-center wpb_column vc_column_container vc_col-sm-4 vc_col-has-fill\"><div class=\"vc_column-inner vc_custom_1704922419866\"><div class=\"wpb_wrapper\">\n\t<div  class=\"wpb_single_image wpb_content_element vc_align_left\">\n\t\t\n\t\t<figure class=\"wpb_wrapper vc_figure\">\n\t\t\t<div class=\"vc_single_image-wrapper   vc_box_border_grey\"><img loading=\"lazy\" decoding=\"async\" width=\"1000\" height=\"458\" src=\"https:\/\/kalbadvisors.com\/wp-content\/uploads\/2024\/01\/DOMESTIC_VETERANS_WEB.png\" class=\"vc_single_image-img attachment-full\" alt=\"\" title=\"VETERANOS_DOM\u00c9STICOS_WEB\" srcset=\"https:\/\/kalbadvisors.com\/wp-content\/uploads\/2024\/01\/DOMESTIC_VETERANS_WEB.png 1000w, https:\/\/kalbadvisors.com\/wp-content\/uploads\/2024\/01\/DOMESTIC_VETERANS_WEB-300x137.png 300w, https:\/\/kalbadvisors.com\/wp-content\/uploads\/2024\/01\/DOMESTIC_VETERANS_WEB-768x352.png 768w, https:\/\/kalbadvisors.com\/wp-content\/uploads\/2024\/01\/DOMESTIC_VETERANS_WEB-200x92.png 200w\" sizes=\"auto, (max-width: 1000px) 100vw, 1000px\" \/><\/div>\n\t\t<\/figure>\n\t<\/div>\n<h4 class=\"box-header align-center margin-top-15\">PR\u00c9STAMOS PARA VETERANOS<\/h4>\n\t<div class=\"wpb_text_column wpb_content_element  vc_custom_1718736872924 align-left\" >\n\t\t<div class=\"wpb_wrapper\">\n\t\t\t<ul class=\"simple-list\">\n<li class=\"\">Un pr\u00e9stamo VA es una hipoteca ofrecida a trav\u00e9s del programa del Departamento de Asuntos de Veteranos de los Estados Unidos.<\/li>\n<li class=\"\">Los pr\u00e9stamos VA tienen condiciones generosas: sin pago inicial, sin seguro hipotecario y sin penalizaciones por pago anticipado.<\/li>\n<\/ul>\n\n\t\t<\/div>\n\t<\/div>\n<a class=\"more botonwho align-center\" href=\"https:\/\/kalbadvisors.com\/es\/veteran-loans\/\" title=\"LEER M\u00c1S\">LEER M\u00c1S<\/a><\/div><\/div><\/div><div class=\"drop-shadow align-center wpb_column vc_column_container vc_col-sm-4 vc_col-has-fill\"><div class=\"vc_column-inner vc_custom_1704922572241\"><div class=\"wpb_wrapper\">\n\t<div  class=\"wpb_single_image wpb_content_element vc_align_left\">\n\t\t\n\t\t<figure class=\"wpb_wrapper vc_figure\">\n\t\t\t<div class=\"vc_single_image-wrapper   vc_box_border_grey\"><img loading=\"lazy\" decoding=\"async\" width=\"1000\" height=\"458\" src=\"https:\/\/kalbadvisors.com\/wp-content\/uploads\/2024\/01\/DOMESTIC_COMMERCIAL_WEB.png\" class=\"vc_single_image-img attachment-full\" alt=\"\" title=\"WEB_DOM\u00c9STICA_COMERCIAL\" srcset=\"https:\/\/kalbadvisors.com\/wp-content\/uploads\/2024\/01\/DOMESTIC_COMMERCIAL_WEB.png 1000w, https:\/\/kalbadvisors.com\/wp-content\/uploads\/2024\/01\/DOMESTIC_COMMERCIAL_WEB-300x137.png 300w, https:\/\/kalbadvisors.com\/wp-content\/uploads\/2024\/01\/DOMESTIC_COMMERCIAL_WEB-768x352.png 768w, https:\/\/kalbadvisors.com\/wp-content\/uploads\/2024\/01\/DOMESTIC_COMMERCIAL_WEB-200x92.png 200w\" sizes=\"auto, (max-width: 1000px) 100vw, 1000px\" \/><\/div>\n\t\t<\/figure>\n\t<\/div>\n<h4 class=\"box-header align-center margin-top-15\">HIPOTECA COMERCIAL<\/h4>\n\t<div class=\"wpb_text_column wpb_content_element  vc_custom_1711486292344 align-left\" >\n\t\t<div class=\"wpb_wrapper\">\n\t\t\t<ul class=\"simple-list\">\n<li class=\"\">Se puede solicitar una hipoteca comercial para financiar la adquisici\u00f3n, el desarrollo y la construcci\u00f3n de propiedades inmobiliarias comerciales.<\/li>\n<li class=\"\">Se trata de propiedades generadoras de ingresos utilizadas exclusivamente con fines empresariales.<\/li>\n<\/ul>\n\n\t\t<\/div>\n\t<\/div>\n<a class=\"more botonwho align-center\" href=\"https:\/\/kalbadvisors.com\/es\/commercial-mortgage\/\" title=\"LEER M\u00c1S\">LEER M\u00c1S<\/a><\/div><\/div><\/div><div class=\"drop-shadow align-center wpb_column vc_column_container vc_col-sm-4 vc_col-has-fill\"><div class=\"vc_column-inner vc_custom_1704922577731\"><div class=\"wpb_wrapper\">\n\t<div  class=\"wpb_single_image wpb_content_element vc_align_left\">\n\t\t\n\t\t<figure class=\"wpb_wrapper vc_figure\">\n\t\t\t<div class=\"vc_single_image-wrapper   vc_box_border_grey\"><img loading=\"lazy\" decoding=\"async\" width=\"1000\" height=\"458\" src=\"https:\/\/kalbadvisors.com\/wp-content\/uploads\/2024\/01\/DOMESTIC_DSCR_WEB.png\" class=\"vc_single_image-img attachment-full\" alt=\"\" title=\"DOM\u00c9STICO_DSCR_WEB\" srcset=\"https:\/\/kalbadvisors.com\/wp-content\/uploads\/2024\/01\/DOMESTIC_DSCR_WEB.png 1000w, https:\/\/kalbadvisors.com\/wp-content\/uploads\/2024\/01\/DOMESTIC_DSCR_WEB-300x137.png 300w, https:\/\/kalbadvisors.com\/wp-content\/uploads\/2024\/01\/DOMESTIC_DSCR_WEB-768x352.png 768w, https:\/\/kalbadvisors.com\/wp-content\/uploads\/2024\/01\/DOMESTIC_DSCR_WEB-200x92.png 200w\" sizes=\"auto, (max-width: 1000px) 100vw, 1000px\" \/><\/div>\n\t\t<\/figure>\n\t<\/div>\n<h4 class=\"box-header align-center margin-top-15\">PR\u00c9STAMOS DSCR<\/h4>\n\t<div class=\"wpb_text_column wpb_content_element  vc_custom_1711486349691 align-left\" >\n\t\t<div class=\"wpb_wrapper\">\n\t\t\t<ul class=\"simple-list\">\n<li class=\"\">Es un pr\u00e9stamo para una propiedad residencial que produce ingresos (inversi\u00f3n).<\/li>\n<li class=\"\">Los pr\u00e9stamos DSCR se eval\u00faan y conceden en funci\u00f3n del flujo de caja previsto de la propiedad, y no del nivel de ingresos del prestatario.<\/li>\n<\/ul>\n\n\t\t<\/div>\n\t<\/div>\n<a class=\"more botonwho align-center\" href=\"https:\/\/kalbadvisors.com\/es\/dscr\/\" title=\"LEER M\u00c1S\">LEER M\u00c1S<\/a><\/div><\/div><\/div><\/div><div class=\"vc_row wpb_row vc_inner vc_row-fluid domestic vc_custom_1704989999221\"><div class=\"drop-shadow align-center wpb_column vc_column_container vc_col-sm-4 vc_col-has-fill\" id=\"d1\"><div class=\"vc_column-inner vc_custom_1719351928974\"><div class=\"wpb_wrapper\">\n\t<div  class=\"wpb_single_image wpb_content_element vc_align_left\">\n\t\t\n\t\t<figure class=\"wpb_wrapper vc_figure\">\n\t\t\t<div class=\"vc_single_image-wrapper   vc_box_border_grey\"><img loading=\"lazy\" decoding=\"async\" width=\"1600\" height=\"733\" src=\"https:\/\/kalbadvisors.com\/wp-content\/uploads\/2024\/01\/DOMESTIC_PORTFOLIO.png\" class=\"vc_single_image-img attachment-full\" alt=\"\" title=\"CARTERA_DOM\u00c9STICA\" srcset=\"https:\/\/kalbadvisors.com\/wp-content\/uploads\/2024\/01\/DOMESTIC_PORTFOLIO.png 1600w, https:\/\/kalbadvisors.com\/wp-content\/uploads\/2024\/01\/DOMESTIC_PORTFOLIO-300x137.png 300w, https:\/\/kalbadvisors.com\/wp-content\/uploads\/2024\/01\/DOMESTIC_PORTFOLIO-1024x469.png 1024w, https:\/\/kalbadvisors.com\/wp-content\/uploads\/2024\/01\/DOMESTIC_PORTFOLIO-768x352.png 768w, https:\/\/kalbadvisors.com\/wp-content\/uploads\/2024\/01\/DOMESTIC_PORTFOLIO-1536x704.png 1536w, https:\/\/kalbadvisors.com\/wp-content\/uploads\/2024\/01\/DOMESTIC_PORTFOLIO-200x92.png 200w\" sizes=\"auto, (max-width: 1600px) 100vw, 1600px\" \/><\/div>\n\t\t<\/figure>\n\t<\/div>\n<h4 class=\"box-header align-center margin-top-15\">Pr\u00e9stamos de cartera<\/h4>\n\t<div class=\"wpb_text_column wpb_content_element  vc_custom_1719352373754 align-left\" >\n\t\t<div class=\"wpb_wrapper\">\n\t\t\t<ul class=\"simple-list\">\n<li class=\"\">Un pr\u00e9stamo de cartera es una hipoteca emitida por un banco que mantiene el pr\u00e9stamo en su balance en lugar de venderlo.<\/li>\n<li class=\"\">Podemos ofrecer m\u00e1s opciones y flexibilidad a determinados prestatarios.<\/li>\n<\/ul>\n\n\t\t<\/div>\n\t<\/div>\n<a class=\"more botonwho align-center\" href=\"https:\/\/kalbadvisors.com\/es\/portfolio-loans\/\" title=\"LEER M\u00c1S\">LEER M\u00c1S<\/a><\/div><\/div><\/div><div class=\"drop-shadow align-center wpb_column vc_column_container vc_col-sm-4 vc_col-has-fill\"><div class=\"vc_column-inner vc_custom_1704922572241\"><div class=\"wpb_wrapper\">\n\t<div  class=\"wpb_single_image wpb_content_element vc_align_left\">\n\t\t\n\t\t<figure class=\"wpb_wrapper vc_figure\">\n\t\t\t<div class=\"vc_single_image-wrapper   vc_box_border_grey\"><img loading=\"lazy\" decoding=\"async\" width=\"1000\" height=\"458\" src=\"https:\/\/kalbadvisors.com\/wp-content\/uploads\/2024\/06\/Construction-Loans_2.png\" class=\"vc_single_image-img attachment-full\" alt=\"\" title=\"Pr\u00e9stamos para la construcci\u00f3n_2\" srcset=\"https:\/\/kalbadvisors.com\/wp-content\/uploads\/2024\/06\/Construction-Loans_2.png 1000w, https:\/\/kalbadvisors.com\/wp-content\/uploads\/2024\/06\/Construction-Loans_2-300x137.png 300w, https:\/\/kalbadvisors.com\/wp-content\/uploads\/2024\/06\/Construction-Loans_2-768x352.png 768w, https:\/\/kalbadvisors.com\/wp-content\/uploads\/2024\/06\/Construction-Loans_2-200x92.png 200w\" sizes=\"auto, (max-width: 1000px) 100vw, 1000px\" \/><\/div>\n\t\t<\/figure>\n\t<\/div>\n<h4 class=\"box-header align-center margin-top-15\">Pr\u00e9stamos para la construcci\u00f3n<\/h4>\n\t<div class=\"wpb_text_column wpb_content_element  vc_custom_1718739144904 align-left\" >\n\t\t<div class=\"wpb_wrapper\">\n\t\t\t<ul class=\"simple-list\">\n<li class=\"\">Un pr\u00e9stamo para la construcci\u00f3n es una opci\u00f3n de financiaci\u00f3n dise\u00f1ada para cubrir los costes asociados a la construcci\u00f3n de una casa a medida.<\/li>\n<li>Se centra exclusivamente en los gastos relacionados con la construcci\u00f3n de una casa nueva.<\/li>\n<\/ul>\n\n\t\t<\/div>\n\t<\/div>\n<a class=\"more botonwho align-center\" href=\"https:\/\/kalbadvisors.com\/es\/construction_loans\/\" title=\"LEER M\u00c1S\">LEER M\u00c1S<\/a><\/div><\/div><\/div><div class=\"drop-shadow align-center wpb_column vc_column_container vc_col-sm-4 vc_col-has-fill\" id=\"d22\"><div class=\"vc_column-inner vc_custom_1719351953710\"><div class=\"wpb_wrapper\">\n\t<div  class=\"wpb_single_image wpb_content_element vc_align_left\">\n\t\t\n\t\t<figure class=\"wpb_wrapper vc_figure\">\n\t\t\t<div class=\"vc_single_image-wrapper   vc_box_border_grey\"><img loading=\"lazy\" decoding=\"async\" width=\"1000\" height=\"458\" src=\"https:\/\/kalbadvisors.com\/wp-content\/uploads\/2024\/06\/RENNOVATION-Loans.png\" class=\"vc_single_image-img attachment-full\" alt=\"\" title=\"RENOVACI\u00d3N Pr\u00e9stamos\" srcset=\"https:\/\/kalbadvisors.com\/wp-content\/uploads\/2024\/06\/RENNOVATION-Loans.png 1000w, https:\/\/kalbadvisors.com\/wp-content\/uploads\/2024\/06\/RENNOVATION-Loans-300x137.png 300w, https:\/\/kalbadvisors.com\/wp-content\/uploads\/2024\/06\/RENNOVATION-Loans-768x352.png 768w, https:\/\/kalbadvisors.com\/wp-content\/uploads\/2024\/06\/RENNOVATION-Loans-200x92.png 200w\" sizes=\"auto, (max-width: 1000px) 100vw, 1000px\" \/><\/div>\n\t\t<\/figure>\n\t<\/div>\n<h4 class=\"box-header align-center margin-top-15\">Pr\u00e9stamos puente, Fix &amp; Flip y Renovaci\u00f3n<\/h4>\n\t<div class=\"wpb_text_column wpb_content_element  vc_custom_1719352310220 align-left\" >\n\t\t<div class=\"wpb_wrapper\">\n\t\t\t<ul>\n<li>Un pr\u00e9stamo puente es una financiaci\u00f3n temporal garantizada por una propiedad hasta que se consiga una financiaci\u00f3n permanente o se cancele una obligaci\u00f3n existente.<\/li>\n<\/ul>\n\n\t\t<\/div>\n\t<\/div>\n<a class=\"more botonwho align-center\" href=\"https:\/\/kalbadvisors.com\/es\/rennovation_bridge_loans\/\" title=\"LEER M\u00c1S\">LEER M\u00c1S<\/a><\/div><\/div><\/div><\/div><\/div><\/div><\/div><\/section><div class=\"vc_row wpb_row vc_row-fluid\"><div class=\"wpb_column vc_column_container vc_col-sm-12\"><div class=\"wpb_wrapper\"><div class=\"vc_empty_space\"   style=\"height: 32px\"><span class=\"vc_empty_space_inner\"><\/span><\/div><\/div><\/div><\/div><div data-vc-full-width=\"true\" data-vc-full-width-init=\"false\" class=\"vc_row wpb_row vc_row-fluid vc_custom_1704388746672 vc_row-has-fill full-width\"><div class=\"wpb_column vc_column_container vc_col-sm-12\"><div class=\"wpb_wrapper\"><div class=\"vc_row wpb_row vc_inner vc_row-fluid\"><div class=\"wpb_column vc_column_container vc_col-sm-6\"><div class=\"vc_column-inner\"><div class=\"wpb_wrapper\">\n\t<div class=\"wpb_text_column wpb_content_element\" >\n\t\t<div class=\"wpb_wrapper\">\n\t\t\t<h3 style=\"text-align: right;\">\u00bfPreguntas?<\/h3>\n\n\t\t<\/div>\n\t<\/div>\n<\/div><\/div><\/div><div class=\"wpb_column vc_column_container vc_col-sm-6\"><div class=\"vc_column-inner vc_custom_1704388273279\"><div class=\"wpb_wrapper\"><a class=\"more botonwho\" href=\"https:\/\/kalbadvisors.com\/es\/contact\/\" title=\"CONTACTO\">CONTACTO<\/a><\/div><\/div><\/div><\/div><\/div><\/div><\/div><div class=\"vc_row-full-width vc_clearfix\"><\/div>\n<\/section>","protected":false},"excerpt":{"rendered":"Hipotecas nacionales HIPOTECA RESIDENCIAL Un pr\u00e9stamo hipotecario convencional o tradicional est\u00e1 dise\u00f1ado para prestatarios que desean financiar propiedades residenciales de 1 a 4 unidades. Se trata de propiedades que generan ingresos y se utilizan exclusivamente con fines comerciales. M\u00c1S INFORMACI\u00d3N Pr\u00e9stamos FHA, compradores de primera vivienda Los pr\u00e9stamos FHA est\u00e1n dise\u00f1ados para compradores de primera vivienda y para quienes adquieren su residencia principal. Son ideales para","protected":false},"author":1,"featured_media":1747,"parent":0,"menu_order":0,"comment_status":"closed","ping_status":"closed","template":"template-home.php","meta":{"_coblocks_attr":"","_coblocks_dimensions":"","_coblocks_responsive_height":"","_coblocks_accordion_ie_support":"","footnotes":""},"class_list":["post-453","page","type-page","status-publish","has-post-thumbnail","hentry"],"_links":{"self":[{"href":"https:\/\/kalbadvisors.com\/es\/wp-json\/wp\/v2\/pages\/453","targetHints":{"allow":["GET"]}}],"collection":[{"href":"https:\/\/kalbadvisors.com\/es\/wp-json\/wp\/v2\/pages"}],"about":[{"href":"https:\/\/kalbadvisors.com\/es\/wp-json\/wp\/v2\/types\/page"}],"author":[{"embeddable":true,"href":"https:\/\/kalbadvisors.com\/es\/wp-json\/wp\/v2\/users\/1"}],"replies":[{"embeddable":true,"href":"https:\/\/kalbadvisors.com\/es\/wp-json\/wp\/v2\/comments?post=453"}],"version-history":[{"count":76,"href":"https:\/\/kalbadvisors.com\/es\/wp-json\/wp\/v2\/pages\/453\/revisions"}],"predecessor-version":[{"id":3969,"href":"https:\/\/kalbadvisors.com\/es\/wp-json\/wp\/v2\/pages\/453\/revisions\/3969"}],"wp:featuredmedia":[{"embeddable":true,"href":"https:\/\/kalbadvisors.com\/es\/wp-json\/wp\/v2\/media\/1747"}],"wp:attachment":[{"href":"https:\/\/kalbadvisors.com\/es\/wp-json\/wp\/v2\/media?parent=453"}],"curies":[{"name":"wp","href":"https:\/\/api.w.org\/{rel}","templated":true}]}}